{"id":7,"date":"2023-10-09T10:46:59","date_gmt":"2023-10-09T10:46:59","guid":{"rendered":"https:\/\/pvs.phwien.ac.at\/?page_id=7"},"modified":"2024-10-03T10:13:52","modified_gmt":"2024-10-03T10:13:52","slug":"unsere-schule","status":"publish","type":"page","link":"https:\/\/pvs.phwien.ac.at\/index.php\/unsere-schule\/","title":{"rendered":"Unsere Schule"},"content":{"rendered":"\t\t<div data-elementor-type=\"wp-post\" data-elementor-id=\"7\" class=\"elementor elementor-7\" data-elementor-post-type=\"page\">\n\t\t\t\t<div class=\"has_eae_slider elementor-element elementor-element-b13f65e e-flex e-con-boxed e-con e-parent\" data-eae-slider=\"5418\" data-id=\"b13f65e\" data-element_type=\"container\" data-e-type=\"container\">\n\t\t\t\t\t<div class=\"e-con-inner\">\n\t\t\t\t<div class=\"elementor-element elementor-element-48e1756 elementor-widget elementor-widget-heading\" data-id=\"48e1756\" data-element_type=\"widget\" data-e-type=\"widget\" data-widget_type=\"heading.default\">\n\t\t\t\t<div class=\"elementor-widget-container\">\n\t\t\t\t\t<h1 class=\"elementor-heading-title elementor-size-default\">Unsere Schule<\/h1>\t\t\t\t<\/div>\n\t\t\t\t<\/div>\n\t\t\t\t<div class=\"elementor-element elementor-element-4522341 elementor-widget-divider--view-line elementor-widget elementor-widget-divider\" data-id=\"4522341\" data-element_type=\"widget\" data-e-type=\"widget\" data-widget_type=\"divider.default\">\n\t\t\t\t<div class=\"elementor-widget-container\">\n\t\t\t\t\t\t\t<div class=\"elementor-divider\">\n\t\t\t<span class=\"elementor-divider-separator\">\n\t\t\t\t\t\t<\/span>\n\t\t<\/div>\n\t\t\t\t\t\t<\/div>\n\t\t\t\t<\/div>\n\t\t<div class=\"has_eae_slider elementor-element elementor-element-6de90e9 e-grid e-con-boxed e-con e-child\" data-eae-slider=\"32853\" data-id=\"6de90e9\" data-element_type=\"container\" data-e-type=\"container\">\n\t\t\t\t\t<div class=\"e-con-inner\">\n\t\t\t\t<div class=\"elementor-element elementor-element-1d93889 dce_masking-none elementor-widget elementor-widget-video\" data-id=\"1d93889\" data-element_type=\"widget\" data-e-type=\"widget\" data-settings=\"{&quot;youtube_url&quot;:&quot;https:\\\/\\\/www.youtube.com\\\/watch?v=8raLhfDoRqM&quot;,&quot;autoplay&quot;:&quot;yes&quot;,&quot;video_type&quot;:&quot;youtube&quot;,&quot;controls&quot;:&quot;yes&quot;}\" data-widget_type=\"video.default\">\n\t\t\t\t<div class=\"elementor-widget-container\">\n\t\t\t\t\t\t\t<div class=\"elementor-wrapper elementor-open-inline\">\n\t\t\t<div class=\"elementor-video\"><\/div>\t\t<\/div>\n\t\t\t\t\t\t<\/div>\n\t\t\t\t<\/div>\n\t\t\t\t<div class=\"elementor-element elementor-element-e31b3d6 elementor-widget elementor-widget-text-editor\" data-id=\"e31b3d6\" data-element_type=\"widget\" data-e-type=\"widget\" data-widget_type=\"text-editor.default\">\n\t\t\t\t<div class=\"elementor-widget-container\">\n\t\t\t\t\t\t\t\t\t<p>In der Praxisvolksschule werden zwei Mehrstufenklassen und sieben Jahrgangsklassen gef\u00fchrt. Die Schule bietet unterschiedliche Unterrichtsmethoden, Beurteilungsformen und p\u00e4dagogische Schwerpunkte an. Hier k\u00f6nnen Studierende die gro\u00dfe Vielfalt des Unterrichtens in der Praxis kennenlernen und p\u00e4dagogisches Handeln reflektieren.<\/p><p><strong>Praxisschule<\/strong><\/p><p>Umsetzung professionellen p\u00e4dagogischen Handelns, Einf\u00fchrung der Studierenden in das\u00a0 Arbeits- und Berufsfeld, Angebote f\u00fcr gezielte Beobachtungen und Analysen von Unterricht und Erziehung, Unterst\u00fctzung der\u00a0Studierenden bei der Bew\u00e4ltigung von Unterrichts- und\u00a0Erziehungsaufgaben, Entwicklung entsprechender Curricula in Zusammenarbeit mit Fachdidaktik, Fachwissenschaft und Humanwissenschaft, Umsetzung spezifischer p\u00e4dagogischer Modelle,\u00a0wissenschaftliche Begleitung der Schulpraxis sind die Schwerpunkte in diesem Kontext.<\/p>\t\t\t\t\t\t\t\t<\/div>\n\t\t\t\t<\/div>\n\t\t\t\t\t<\/div>\n\t\t\t\t<\/div>\n\t\t\t\t<div class=\"elementor-element elementor-element-947d263 elementor-widget-divider--view-line elementor-widget elementor-widget-divider\" data-id=\"947d263\" data-element_type=\"widget\" data-e-type=\"widget\" data-widget_type=\"divider.default\">\n\t\t\t\t<div class=\"elementor-widget-container\">\n\t\t\t\t\t\t\t<div class=\"elementor-divider\">\n\t\t\t<span class=\"elementor-divider-separator\">\n\t\t\t\t\t\t<\/span>\n\t\t<\/div>\n\t\t\t\t\t\t<\/div>\n\t\t\t\t<\/div>\n\t\t\t\t<div class=\"elementor-element elementor-element-e6abd45 elementor-widget elementor-widget-text-editor\" data-id=\"e6abd45\" data-element_type=\"widget\" data-e-type=\"widget\" data-widget_type=\"text-editor.default\">\n\t\t\t\t<div class=\"elementor-widget-container\">\n\t\t\t\t\t\t\t\t\t<p><strong>Modellschule<\/strong><\/p><p>Kontinuierliche Schulentwicklung, Weiterentwicklung bestehender p\u00e4dagogischer und didaktischer Modelle sowie Evaluierung ihrer G\u00fcltigkeit, Entwicklung und Evaluierung neuer p\u00e4dagogischer und didaktischer Modelle und damit verbunden Qualit\u00e4tsentwicklung, Veranschaulichung und Begr\u00fcndung theoretischer Fragestellungen im Rahmen der Lehrer\/innenausbildung stellen die Merkmale der Praxisvolksschule als Modellschule dar.<\/p><p><strong>Forschungsschule<\/strong><\/p><p>Erforschung und wissenschaftliche Begr\u00fcndung neuer p\u00e4dagogischer Modelle und Fragestellungen, Selbstevaluation\u00a0 der Schulpraktischen Studien als Basis von Pers\u00f6nlichkeitsentwicklung, Erm\u00f6glichen und Unterst\u00fctzen von quantitativer und qualitativer Forschung im Rahmen von Bachelorarbeiten, Betreiben qualitativer Forschung im Sinne hermeneutischer Verfahren und mit Methoden der Handlungsforschung als Studien erg\u00e4nzende Angebote, Dokumentation und Ver\u00f6ffentlichung von Forschungsergebnissen sind Bereiche, die in diesem Zusammenhang an der PVS zum Tragen kommen.<\/p>\t\t\t\t\t\t\t\t<\/div>\n\t\t\t\t<\/div>\n\t\t\t\t<div class=\"elementor-element elementor-element-8a4baa7 elementor-widget elementor-widget-heading\" data-id=\"8a4baa7\" data-element_type=\"widget\" data-e-type=\"widget\" data-widget_type=\"heading.default\">\n\t\t\t\t<div class=\"elementor-widget-container\">\n\t\t\t\t\t<h2 class=\"elementor-heading-title elementor-size-default\">Schwerpunkte<\/h2>\t\t\t\t<\/div>\n\t\t\t\t<\/div>\n\t\t\t\t<div class=\"elementor-element elementor-element-57acea9 elementor-widget-divider--view-line elementor-widget elementor-widget-divider\" data-id=\"57acea9\" data-element_type=\"widget\" data-e-type=\"widget\" data-widget_type=\"divider.default\">\n\t\t\t\t<div class=\"elementor-widget-container\">\n\t\t\t\t\t\t\t<div class=\"elementor-divider\">\n\t\t\t<span class=\"elementor-divider-separator\">\n\t\t\t\t\t\t<\/span>\n\t\t<\/div>\n\t\t\t\t\t\t<\/div>\n\t\t\t\t<\/div>\n\t\t\t\t<div class=\"elementor-element elementor-element-cbc4ba5 elementor-widget elementor-widget-text-editor\" data-id=\"cbc4ba5\" data-element_type=\"widget\" data-e-type=\"widget\" data-widget_type=\"text-editor.default\">\n\t\t\t\t<div class=\"elementor-widget-container\">\n\t\t\t\t\t\t\t\t\t<p>Schwerpunkte unserer Schule sind das Weiterentwickeln der sozialen Kompetenzen, das (Er-)Leben von Herzensw\u00e4rme und Herzensbildung und die Vermittlung von Kulturtechniken und Lernstrategien unter Beachtung und Ber\u00fccksichtigung der Individuallage, sowie der konkreten Entwicklungs- und Lernsituation der Kinder und der Selbstbestimmung des Bildungsprozesses durch die Lernenden.<\/p><p>Die M\u00f6glichkeit, sich ganzheitlich zu entwickeln ist unerl\u00e4sslich f\u00fcr das Erreichen einer stabilen, gesunden und gebildeten Pers\u00f6nlichkeit. Dazu braucht es Voraussetzungen und M\u00f6glichkeiten seitens der Lehrenden, der Organisation und der inhaltlichen Angebote<\/p>\t\t\t\t\t\t\t\t<\/div>\n\t\t\t\t<\/div>\n\t\t\t\t<div class=\"elementor-element elementor-element-5ae8801 elementor-widget elementor-widget-toggle\" data-id=\"5ae8801\" data-element_type=\"widget\" data-e-type=\"widget\" data-widget_type=\"toggle.default\">\n\t\t\t\t<div class=\"elementor-widget-container\">\n\t\t\t\t\t\t\t<div class=\"elementor-toggle\">\n\t\t\t\t\t\t\t<div class=\"elementor-toggle-item\">\n\t\t\t\t\t<div id=\"elementor-tab-title-9531\" class=\"elementor-tab-title\" data-tab=\"1\" role=\"button\" aria-controls=\"elementor-tab-content-9531\" aria-expanded=\"false\">\n\t\t\t\t\t\t\t\t\t\t\t\t<span class=\"elementor-toggle-icon elementor-toggle-icon-left\" aria-hidden=\"true\">\n\t\t\t\t\t\t\t\t\t\t\t\t\t\t\t<span class=\"elementor-toggle-icon-closed\"><i class=\"fas fa-caret-right\"><\/i><\/span>\n\t\t\t\t\t\t\t\t<span class=\"elementor-toggle-icon-opened\"><i class=\"elementor-toggle-icon-opened fas fa-caret-up\"><\/i><\/span>\n\t\t\t\t\t\t\t\t\t\t\t\t\t<\/span>\n\t\t\t\t\t\t\t\t\t\t\t\t<a class=\"elementor-toggle-title\" tabindex=\"0\">Schulst\u00e4rken<\/a>\n\t\t\t\t\t<\/div>\n\n\t\t\t\t\t<div id=\"elementor-tab-content-9531\" class=\"elementor-tab-content elementor-clearfix\" data-tab=\"1\" role=\"region\" aria-labelledby=\"elementor-tab-title-9531\"><div class=\"paneopen\"><ul><li>Jahrgangsklassen und Mehrstufenklassen<\/li><li>vielf\u00e4ltiges Raumangebot<\/li><li>Soziales Kompetenztraining &#8222;Herz \u00fcber Fu\u00df&#8220;<\/li><li>Assemblys<\/li><li>Didaktik LIVE\u00a0 &#8211; Kooperation mit Fachdidaktiker\/innen der PH Wien<\/li><li>Bibliothek<\/li><li>Klassenterrassen und Klasseng\u00e4rten<\/li><li>Pausenh\u00f6fe<\/li><li>Fr\u00fchaufsicht<\/li><li>Smartboards und PCs<\/li><li>iPads und Laptops &#8211; Schule 4.0<\/li><li>Studierende<\/li><li>internationale Studierende \u2013 ERASMUS<\/li><li>Inklusion<\/li><li>Reformp\u00e4dagogische Konzepte (Montessori)<\/li><li>Alternative Leistungsbeurteilung und KEL-Gespr\u00e4che<\/li><li>Kompetenzorientierung<\/li><li>Tagesplan-\/Wochenplanarbeit<\/li><li>Deutsch intensiv<\/li><li>F\u00f6rderunterricht, Begabungsf\u00f6rderung<\/li><li>Lesen intensiv<\/li><li>Computerunterst\u00fctzter Unterricht<\/li><li>Muttersprachlicher Unterricht<\/li><li>Sprachheilkurse<\/li><li>Schulbibliothek<\/li><li>Forscher\/innenwerkstatt &#8211; Kooperation mit Regionalem Kompetenzzentrum Naturwissenschaften und Mathematik<\/li><li>Mint-Unterricht<\/li><li>Ateliertage<\/li><li>Haus der Mathematik<\/li><li>Projektunterricht (gegenstandsbezogen, f\u00e4cher\u00fcbergreifend, mit externen Experten)<\/li><li>Teilnahme an Forschungsprojekten<\/li><li>Schulfeste<\/li><li>Theaterauff\u00fchrungen, Ausstellungen, Pr\u00e4sentationen, Musicals, Poetry Slam<\/li><li>Vortr\u00e4ge f\u00fcr Eltern zu verschiedenen Schwerpunktthemen<\/li><li>Schulhomepage mit Blog und Facebook<\/li><li>Aktiver Elternverein<\/li><\/ul><\/div><\/div>\n\t\t\t\t<\/div>\n\t\t\t\t\t\t\t<div class=\"elementor-toggle-item\">\n\t\t\t\t\t<div id=\"elementor-tab-title-9532\" class=\"elementor-tab-title\" data-tab=\"2\" role=\"button\" aria-controls=\"elementor-tab-content-9532\" aria-expanded=\"false\">\n\t\t\t\t\t\t\t\t\t\t\t\t<span class=\"elementor-toggle-icon elementor-toggle-icon-left\" aria-hidden=\"true\">\n\t\t\t\t\t\t\t\t\t\t\t\t\t\t\t<span class=\"elementor-toggle-icon-closed\"><i class=\"fas fa-caret-right\"><\/i><\/span>\n\t\t\t\t\t\t\t\t<span class=\"elementor-toggle-icon-opened\"><i class=\"elementor-toggle-icon-opened fas fa-caret-up\"><\/i><\/span>\n\t\t\t\t\t\t\t\t\t\t\t\t\t<\/span>\n\t\t\t\t\t\t\t\t\t\t\t\t<a class=\"elementor-toggle-title\" tabindex=\"0\">Teamst\u00e4rken<\/a>\n\t\t\t\t\t<\/div>\n\n\t\t\t\t\t<div id=\"elementor-tab-content-9532\" class=\"elementor-tab-content elementor-clearfix\" data-tab=\"2\" role=\"region\" aria-labelledby=\"elementor-tab-title-9532\"><ul><li>st\u00e4rkenorientierte P\u00e4dagogik<\/li><li>Zusatzausbildungen in vielen Bereichen<\/li><li>gemeinsame Ziele<\/li><li>individuelle St\u00e4rken<\/li><li>Sprachf\u00f6rderung in allen Sprachen<\/li><li>Reformp\u00e4dagogik<\/li><li>Lesebegeisterung<\/li><li>Lesef\u00f6rderung<\/li><li>alternative Leistungsbeurteilung<\/li><li>Begabungs- und Interessensf\u00f6rderung<\/li><li>Fortbildungen<\/li><li>klassen\u00fcbergreifendes Arbeiten<\/li><\/ul><\/div>\n\t\t\t\t<\/div>\n\t\t\t\t\t\t\t<div class=\"elementor-toggle-item\">\n\t\t\t\t\t<div id=\"elementor-tab-title-9533\" class=\"elementor-tab-title\" data-tab=\"3\" role=\"button\" aria-controls=\"elementor-tab-content-9533\" aria-expanded=\"false\">\n\t\t\t\t\t\t\t\t\t\t\t\t<span class=\"elementor-toggle-icon elementor-toggle-icon-left\" aria-hidden=\"true\">\n\t\t\t\t\t\t\t\t\t\t\t\t\t\t\t<span class=\"elementor-toggle-icon-closed\"><i class=\"fas fa-caret-right\"><\/i><\/span>\n\t\t\t\t\t\t\t\t<span class=\"elementor-toggle-icon-opened\"><i class=\"elementor-toggle-icon-opened fas fa-caret-up\"><\/i><\/span>\n\t\t\t\t\t\t\t\t\t\t\t\t\t<\/span>\n\t\t\t\t\t\t\t\t\t\t\t\t<a class=\"elementor-toggle-title\" tabindex=\"0\">Miteinander<\/a>\n\t\t\t\t\t<\/div>\n\n\t\t\t\t\t<div id=\"elementor-tab-content-9533\" class=\"elementor-tab-content elementor-clearfix\" data-tab=\"3\" role=\"region\" aria-labelledby=\"elementor-tab-title-9533\"><ul><li>Zentren, die sich vernetzen-Hochschule-Praxisschulen<\/li><li>Didaktik LIVE\u00a0 &#8211; Kooperation mit Fachdidaktiker\/innen der PH Wien<\/li><li>Kooperation mit Regionalem Kompetenzzentrum Naturwissenschaften und Mathematik<\/li><li>Vernetzung BAKIP \u2013 PVS \u2013 PMS (Kindergarten \u2013 Volksschule \u2013 Mittelschule)<\/li><li>Vernetzung mit Horten<\/li><li>Elternverein<\/li><li>interkulturelle Begegnungen<\/li><li>wissenschaftlich begleitete Projekte<\/li><li>Generationenschule<\/li><li>junge + erfahrene Energie<\/li><li>Altbew\u00e4hrtes \u2013 neu Erforschtes<\/li><li>Bewegung des Lebens<\/li><li>Bewegung des Wissens<\/li><li>viel geb\u00fcndeltes Wissen an einem Ort<\/li><li>Pers\u00f6nlichkeitsbildung<\/li><\/ul><\/div>\n\t\t\t\t<\/div>\n\t\t\t\t\t\t\t<div class=\"elementor-toggle-item\">\n\t\t\t\t\t<div id=\"elementor-tab-title-9534\" class=\"elementor-tab-title\" data-tab=\"4\" role=\"button\" aria-controls=\"elementor-tab-content-9534\" aria-expanded=\"false\">\n\t\t\t\t\t\t\t\t\t\t\t\t<span class=\"elementor-toggle-icon elementor-toggle-icon-left\" aria-hidden=\"true\">\n\t\t\t\t\t\t\t\t\t\t\t\t\t\t\t<span class=\"elementor-toggle-icon-closed\"><i class=\"fas fa-caret-right\"><\/i><\/span>\n\t\t\t\t\t\t\t\t<span class=\"elementor-toggle-icon-opened\"><i class=\"elementor-toggle-icon-opened fas fa-caret-up\"><\/i><\/span>\n\t\t\t\t\t\t\t\t\t\t\t\t\t<\/span>\n\t\t\t\t\t\t\t\t\t\t\t\t<a class=\"elementor-toggle-title\" tabindex=\"0\">Studierende<\/a>\n\t\t\t\t\t<\/div>\n\n\t\t\t\t\t<div id=\"elementor-tab-content-9534\" class=\"elementor-tab-content elementor-clearfix\" data-tab=\"4\" role=\"region\" aria-labelledby=\"elementor-tab-title-9534\"><div class=\"paneopen\"><ul><li>Hospitationen in der PVS sind jederzeit m\u00f6glich<\/li><li>Internationale Studierende haben jederzeit die M\u00f6glichkeit in der PVS zu hospitieren<\/li><li>Forschungsprojekte<\/li><li>Bachelorarbeiten<\/li><li>Individuelle Betreuung bei Nachholung von Reflektierter Praxis<\/li><li>\u00c4quivalenzbetreuung<\/li><li>\u2026<\/li><\/ul><\/div><\/div>\n\t\t\t\t<\/div>\n\t\t\t\t\t\t\t<div class=\"elementor-toggle-item\">\n\t\t\t\t\t<div id=\"elementor-tab-title-9535\" class=\"elementor-tab-title\" data-tab=\"5\" role=\"button\" aria-controls=\"elementor-tab-content-9535\" aria-expanded=\"false\">\n\t\t\t\t\t\t\t\t\t\t\t\t<span class=\"elementor-toggle-icon elementor-toggle-icon-left\" aria-hidden=\"true\">\n\t\t\t\t\t\t\t\t\t\t\t\t\t\t\t<span class=\"elementor-toggle-icon-closed\"><i class=\"fas fa-caret-right\"><\/i><\/span>\n\t\t\t\t\t\t\t\t<span class=\"elementor-toggle-icon-opened\"><i class=\"elementor-toggle-icon-opened fas fa-caret-up\"><\/i><\/span>\n\t\t\t\t\t\t\t\t\t\t\t\t\t<\/span>\n\t\t\t\t\t\t\t\t\t\t\t\t<a class=\"elementor-toggle-title\" tabindex=\"0\">Pers\u00f6nlichkeitsentwicklung<\/a>\n\t\t\t\t\t<\/div>\n\n\t\t\t\t\t<div id=\"elementor-tab-content-9535\" class=\"elementor-tab-content elementor-clearfix\" data-tab=\"5\" role=\"region\" aria-labelledby=\"elementor-tab-title-9535\"><div class=\"paneopen\"><ul><li>Soziales Kompetenztraining &#8222;Herz \u00fcber Fu\u00df&#8220;<\/li><li>Wertsch\u00e4tzung<\/li><li>respektvolles Miteinander<\/li><li>Kommunikation<\/li><li>Anerkennung<\/li><li>Offenheit<\/li><li>soziale Kompetenzen<\/li><li>Konfliktl\u00f6sungsf\u00e4higkeit<\/li><li>Teamf\u00e4higkeit<\/li><li>Dialog<\/li><li>Herzensbildung<\/li><li>Empathie<\/li><li>Selbstkompetenz<\/li><li>Humor<\/li><li>Frustrationstoleranz<\/li><li>Entspannung + Anspannung<\/li><li>Toleranzbereitschaft<\/li><li>Kreativit\u00e4t<\/li><li>Selbstmanagement<\/li><li>Loyalit\u00e4t<\/li><li>Philosophieren mit Kindern<\/li><li>Gl\u00fcck<\/li><\/ul><\/div><\/div>\n\t\t\t\t<\/div>\n\t\t\t\t\t\t\t<div class=\"elementor-toggle-item\">\n\t\t\t\t\t<div id=\"elementor-tab-title-9536\" class=\"elementor-tab-title\" data-tab=\"6\" role=\"button\" aria-controls=\"elementor-tab-content-9536\" aria-expanded=\"false\">\n\t\t\t\t\t\t\t\t\t\t\t\t<span class=\"elementor-toggle-icon elementor-toggle-icon-left\" aria-hidden=\"true\">\n\t\t\t\t\t\t\t\t\t\t\t\t\t\t\t<span class=\"elementor-toggle-icon-closed\"><i class=\"fas fa-caret-right\"><\/i><\/span>\n\t\t\t\t\t\t\t\t<span class=\"elementor-toggle-icon-opened\"><i class=\"elementor-toggle-icon-opened fas fa-caret-up\"><\/i><\/span>\n\t\t\t\t\t\t\t\t\t\t\t\t\t<\/span>\n\t\t\t\t\t\t\t\t\t\t\t\t<a class=\"elementor-toggle-title\" tabindex=\"0\">Bewegung<\/a>\n\t\t\t\t\t<\/div>\n\n\t\t\t\t\t<div id=\"elementor-tab-content-9536\" class=\"elementor-tab-content elementor-clearfix\" data-tab=\"6\" role=\"region\" aria-labelledby=\"elementor-tab-title-9536\"><ul><li>Bewegung im Klassengarten<\/li><li>Schwimmunterricht\u00a0<\/li><li>Eis laufen<\/li><li>Schitag<\/li><li>gro\u00dfer Turnsaal<\/li><li>bewegtes Lernen<\/li><li>Rhythmik<\/li><li>Pausenh\u00f6fe<\/li><li>bewegte Pause<\/li><li>Slackline<\/li><li>Jonglieren<\/li><li>Pausenspielger\u00e4te<\/li><\/ul><\/div>\n\t\t\t\t<\/div>\n\t\t\t\t\t\t\t\t<\/div>\n\t\t\t\t\t\t<\/div>\n\t\t\t\t<\/div>\n\t\t\t\t\t<\/div>\n\t\t\t\t<\/div>\n\t\t\t\t<\/div>\n\t\t","protected":false},"excerpt":{"rendered":"<p>Unsere Schule https:\/\/www.youtube.com\/watch?v=8raLhfDoRqM In der Praxisvolksschule werden zwei Mehrstufenklassen und sieben Jahrgangsklassen gef\u00fchrt. Die Schule bietet unterschiedliche Unterrichtsmethoden, Beurteilungsformen und p\u00e4dagogische Schwerpunkte an. Hier k\u00f6nnen Studierende die gro\u00dfe Vielfalt des Unterrichtens in der Praxis kennenlernen und p\u00e4dagogisches Handeln reflektieren. Praxisschule Umsetzung professionellen p\u00e4dagogischen Handelns, Einf\u00fchrung der Studierenden in das\u00a0 Arbeits- und Berufsfeld, Angebote f\u00fcr gezielte [&hellip;]<\/p>\n","protected":false},"author":1,"featured_media":0,"parent":0,"menu_order":0,"comment_status":"closed","ping_status":"closed","template":"","meta":{"_acf_changed":false,"footnotes":""},"jahrgang":[],"class_list":["post-7","page","type-page","status-publish","hentry"],"acf":[],"_links":{"self":[{"href":"https:\/\/pvs.phwien.ac.at\/index.php\/wp-json\/wp\/v2\/pages\/7","targetHints":{"allow":["GET"]}}],"collection":[{"href":"https:\/\/pvs.phwien.ac.at\/index.php\/wp-json\/wp\/v2\/pages"}],"about":[{"href":"https:\/\/pvs.phwien.ac.at\/index.php\/wp-json\/wp\/v2\/types\/page"}],"author":[{"embeddable":true,"href":"https:\/\/pvs.phwien.ac.at\/index.php\/wp-json\/wp\/v2\/users\/1"}],"replies":[{"embeddable":true,"href":"https:\/\/pvs.phwien.ac.at\/index.php\/wp-json\/wp\/v2\/comments?post=7"}],"version-history":[{"count":17,"href":"https:\/\/pvs.phwien.ac.at\/index.php\/wp-json\/wp\/v2\/pages\/7\/revisions"}],"predecessor-version":[{"id":1544,"href":"https:\/\/pvs.phwien.ac.at\/index.php\/wp-json\/wp\/v2\/pages\/7\/revisions\/1544"}],"wp:attachment":[{"href":"https:\/\/pvs.phwien.ac.at\/index.php\/wp-json\/wp\/v2\/media?parent=7"}],"wp:term":[{"taxonomy":"jahrgang","embeddable":true,"href":"https:\/\/pvs.phwien.ac.at\/index.php\/wp-json\/wp\/v2\/jahrgang?post=7"}],"curies":[{"name":"wp","href":"https:\/\/api.w.org\/{rel}","templated":true}]}}